{"id":602,"date":"2015-01-20T21:29:25","date_gmt":"2015-01-20T20:29:25","guid":{"rendered":"https:\/\/jajaja.se\/?page_id=602"},"modified":"2024-02-24T10:06:39","modified_gmt":"2024-02-24T09:06:39","slug":"vi-heter-ja","status":"publish","type":"page","link":"https:\/\/jajaja.se\/","title":{"rendered":"Aktuellt"},"content":{"rendered":"\n<iframe style=\"border-radius:12px\" src=\"https:\/\/open.spotify.com\/embed\/album\/4ml1TMSCO26J5UQo4tsXRa?utm_source=generator&amp;theme=0\" width=\"100%\" height=\"352\" frameborder=\"0\" allowfullscreen=\"\" allow=\"autoplay; clipboard-write; encrypted-media; fullscreen; picture-in-picture\" loading=\"lazy\"><\/iframe>\n\n\n\n<figure class=\"wp-block-image size-large\"><a href=\"https:\/\/jajaja.se\/wp-content\/uploads\/2022\/10\/bryt.png\"><img decoding=\"async\" loading=\"lazy\" width=\"1024\" height=\"105\" src=\"https:\/\/jajaja.se\/wp-content\/uploads\/2022\/10\/bryt-1024x105.png\" alt=\"\" class=\"wp-image-1141\" srcset=\"https:\/\/jajaja.se\/wp-content\/uploads\/2022\/10\/bryt-1024x105.png 1024w, https:\/\/jajaja.se\/wp-content\/uploads\/2022\/10\/bryt-300x31.png 300w, https:\/\/jajaja.se\/wp-content\/uploads\/2022\/10\/bryt-768x79.png 768w, https:\/\/jajaja.se\/wp-content\/uploads\/2022\/10\/bryt.png 1249w\" sizes=\"(max-width: 1024px) 100vw, 1024px\" \/><\/a><\/figure>\n\n\n\n<div class=\"wp-block-cover\" id=\"spelningar\"><span aria-hidden=\"true\" class=\"wp-block-cover__background has-background-dim\"><\/span><img decoding=\"async\" loading=\"lazy\" width=\"899\" height=\"600\" class=\"wp-block-cover__image-background wp-image-996\" alt=\"\" src=\"https:\/\/jajaja.se\/wp-content\/uploads\/2015\/01\/240601136_10227162522954014_1362092603892090176_n.jpg\" style=\"object-position:37% 31%\" data-object-fit=\"cover\" data-object-position=\"37% 31%\" srcset=\"https:\/\/jajaja.se\/wp-content\/uploads\/2015\/01\/240601136_10227162522954014_1362092603892090176_n.jpg 899w, https:\/\/jajaja.se\/wp-content\/uploads\/2015\/01\/240601136_10227162522954014_1362092603892090176_n-300x200.jpg 300w, https:\/\/jajaja.se\/wp-content\/uploads\/2015\/01\/240601136_10227162522954014_1362092603892090176_n-500x334.jpg 500w\" sizes=\"(max-width: 899px) 100vw, 899px\" \/><div class=\"wp-block-cover__inner-container\">\n<p class=\"has-text-align-center has-large-font-size\"><mark style=\"background-color:rgba(0, 0, 0, 0)\" class=\"has-inline-color has-base-3-color\">SPELNINGAR<\/mark><\/p>\n<\/div><\/div>\n\n\n\n<br>\n\n\n\n<p><br>2024-03-09 &#8211; Stallet, Ume\u00e5 &#8211; <a href=\"https:\/\/facebook.com\/events\/s\/fyra-ess\/2464273593775335\/\" target=\"_blank\" rel=\"noreferrer noopener\">L\u00e4s mer h\u00e4r!<\/a><\/p>\n\n\n\n<p>2023-12-09 &#8211; Verket, Ume\u00e5 &#8211; <a rel=\"noreferrer noopener\" href=\"https:\/\/www.facebook.com\/events\/1701109807023709\/?ti=ls\" target=\"_blank\">L\u00e4s mer h\u00e4r!<\/a><\/p>\n\n\n\n<p>2023-11-07 &#8211; Ume\u00e5 BSKT vs N\u00e4ssj\u00f6 &#8211; Ume\u00e5 Energi Arena. <a href=\"https:\/\/www.facebook.com\/photo?fbid=795433699260584&amp;set=a.480308280773129\" target=\"_blank\" rel=\"noreferrer noopener\">L\u00e4s mer h\u00e4r<\/a>.<\/p>\n\n\n\n<p>2023-10-20 &#8211; H\u00f6st i Punksvall &#8211; Pipeline. <a rel=\"noreferrer noopener\" href=\"https:\/\/www.facebook.com\/events\/6234662296590503\" target=\"_blank\">L\u00e4s mer h\u00e4r!<\/a> och <a rel=\"noreferrer noopener\" href=\"https:\/\/m.facebook.com\/events\/6234662296590503?view=permalink&amp;id=6745566552166739&amp;paipv=0&amp;eav=AfbUfnEUfw8YZSyUEkJXh3JLN1q5FIwUtXCvujKq0iPVJcwwzG1nrcfqcTW1wrHa-YY&amp;_rdr\" target=\"_blank\">Se \u00e4ven denna t\u00e4vling!<\/a><\/p>\n\n\n\n<p>2023-09-29 &#8211; Vilhelmina Folkets Hus.<a rel=\"noreferrer noopener\" href=\"https:\/\/www.facebook.com\/viheterJA\/posts\/pfbid0HHzdEG2x2u3koqM6Lmnn8Qt5cDzy89mBgaUGXa11E6v1XDF5Lk7JvhRU34r9ZLB3l\" target=\"_blank\"> L\u00e4s mer h\u00e4r!<\/a><\/p>\n\n\n\n<p>2023-07-15 &#8211; Kulturyran i Trebo. <a rel=\"noreferrer noopener\" href=\"https:\/\/secure.tickster.com\/sv\/aen30t4xdgam9ap\/products\" target=\"_blank\">L\u00e4s mer h\u00e4r!<\/a><\/p>\n\n\n\n<p>2023-06-24 &#8211; Ansj\u00f6n Camping Midsommarfirande. <a rel=\"noreferrer noopener\" href=\"https:\/\/www.facebook.com\/Angsj%C3%B6ns-camping-1141052792588334\" target=\"_blank\">L\u00e4s mer h\u00e4r!<\/a><\/p>\n\n\n\n<p>2023-03-18 &#8211; MB Lycksele. <a rel=\"noreferrer noopener\" href=\"https:\/\/www.facebook.com\/events\/179175924582550?ref=newsfeed\" target=\"_blank\">L\u00e4s mer h\u00e4r!<\/a><\/p>\n\n\n\n<p>2022-12-10 &#8211; Restaurang Balder i Ume\u00e5. <a rel=\"noreferrer noopener\" href=\"https:\/\/www.facebook.com\/events\/642902667317428\" target=\"_blank\">L\u00e4s mer h\u00e4r!<\/a><\/p>\n\n\n\n<figure class=\"wp-block-image size-large\"><a href=\"https:\/\/jajaja.se\/wp-content\/uploads\/2022\/10\/bryt.png\"><img decoding=\"async\" loading=\"lazy\" width=\"1024\" height=\"105\" src=\"https:\/\/jajaja.se\/wp-content\/uploads\/2022\/10\/bryt-1024x105.png\" alt=\"\" class=\"wp-image-1141\" srcset=\"https:\/\/jajaja.se\/wp-content\/uploads\/2022\/10\/bryt-1024x105.png 1024w, https:\/\/jajaja.se\/wp-content\/uploads\/2022\/10\/bryt-300x31.png 300w, https:\/\/jajaja.se\/wp-content\/uploads\/2022\/10\/bryt-768x79.png 768w, https:\/\/jajaja.se\/wp-content\/uploads\/2022\/10\/bryt.png 1249w\" sizes=\"(max-width: 1024px) 100vw, 1024px\" \/><\/a><\/figure>\n\n\n\n<div class=\"wp-block-cover\" id=\"musik\"><span aria-hidden=\"true\" class=\"wp-block-cover__background has-background-dim\"><\/span><img decoding=\"async\" loading=\"lazy\" width=\"2500\" height=\"1407\" class=\"wp-block-cover__image-background wp-image-1205\" alt=\"\" src=\"https:\/\/jajaja.se\/wp-content\/uploads\/2022\/12\/musik.png\" data-object-fit=\"cover\" srcset=\"https:\/\/jajaja.se\/wp-content\/uploads\/2022\/12\/musik.png 2500w, https:\/\/jajaja.se\/wp-content\/uploads\/2022\/12\/musik-300x169.png 300w, https:\/\/jajaja.se\/wp-content\/uploads\/2022\/12\/musik-1024x576.png 1024w, https:\/\/jajaja.se\/wp-content\/uploads\/2022\/12\/musik-768x432.png 768w, https:\/\/jajaja.se\/wp-content\/uploads\/2022\/12\/musik-1536x864.png 1536w, https:\/\/jajaja.se\/wp-content\/uploads\/2022\/12\/musik-2048x1153.png 2048w\" sizes=\"(max-width: 2500px) 100vw, 2500px\" \/><div class=\"wp-block-cover__inner-container\">\n<p class=\"has-text-align-center has-large-font-size\">MUSIK<\/p>\n<\/div><\/div>\n\n\n\n<br>\n\n\n\n<div class=\"is-layout-flex wp-container-4 wp-block-columns\">\n<div class=\"is-layout-flow wp-block-column\">\n<figure class=\"wp-block-image size-full is-style-default\"><a href=\"https:\/\/open.spotify.com\/album\/0wZi1UvjTi9wXcvcvvZnRG?si=RaNrx-yhSly9tiBKGOwtjg\" target=\"_blank\" rel=\"noreferrer noopener\"><img decoding=\"async\" loading=\"lazy\" width=\"730\" height=\"730\" src=\"https:\/\/jajaja.se\/wp-content\/uploads\/2022\/10\/vuxenpoang-1.png\" alt=\"\" class=\"wp-image-1154\" srcset=\"https:\/\/jajaja.se\/wp-content\/uploads\/2022\/10\/vuxenpoang-1.png 730w, https:\/\/jajaja.se\/wp-content\/uploads\/2022\/10\/vuxenpoang-1-300x300.png 300w, https:\/\/jajaja.se\/wp-content\/uploads\/2022\/10\/vuxenpoang-1-150x150.png 150w\" sizes=\"(max-width: 730px) 100vw, 730px\" \/><\/a><figcaption class=\"wp-element-caption\">  Album &#8211; 2016 &#8211; Vuxenpo\u00e4ng<\/figcaption><\/figure>\n<\/div>\n\n\n\n<div class=\"is-layout-flow wp-block-column\">\n<figure class=\"wp-block-image size-full\"><a href=\"https:\/\/open.spotify.com\/album\/7sDzJMf9vlDpVLhHuYfBD5?si=TdVdXxykQpWRdugnnMtFgA\" target=\"_blank\" rel=\"noreferrer noopener\"><img decoding=\"async\" loading=\"lazy\" width=\"730\" height=\"730\" src=\"https:\/\/jajaja.se\/wp-content\/uploads\/2022\/10\/svaretarja.png\" alt=\"\" class=\"wp-image-1155\" srcset=\"https:\/\/jajaja.se\/wp-content\/uploads\/2022\/10\/svaretarja.png 730w, https:\/\/jajaja.se\/wp-content\/uploads\/2022\/10\/svaretarja-300x300.png 300w, https:\/\/jajaja.se\/wp-content\/uploads\/2022\/10\/svaretarja-150x150.png 150w\" sizes=\"(max-width: 730px) 100vw, 730px\" \/><\/a><figcaption class=\"wp-element-caption\">  Album &#8211; 2014 &#8211; Svaret \u00e4r ja!<\/figcaption><\/figure>\n<\/div>\n\n\n\n<div class=\"is-layout-flow wp-block-column\">\n<figure class=\"wp-block-image size-full\"><a href=\"https:\/\/open.spotify.com\/album\/4MRXWwlWnKKl8nE7DEoF9i?si=5Zak_OTwT3uf10foCrinwA\" target=\"_blank\" rel=\"noreferrer noopener\"><img decoding=\"async\" loading=\"lazy\" width=\"730\" height=\"730\" src=\"https:\/\/jajaja.se\/wp-content\/uploads\/2022\/10\/viheterja.png\" alt=\"\" class=\"wp-image-1156\" srcset=\"https:\/\/jajaja.se\/wp-content\/uploads\/2022\/10\/viheterja.png 730w, https:\/\/jajaja.se\/wp-content\/uploads\/2022\/10\/viheterja-300x300.png 300w, https:\/\/jajaja.se\/wp-content\/uploads\/2022\/10\/viheterja-150x150.png 150w\" sizes=\"(max-width: 730px) 100vw, 730px\" \/><\/a><figcaption class=\"wp-element-caption\">  Album &#8211; 2012 &#8211; Vi heter ja!<\/figcaption><\/figure>\n<\/div>\n<\/div>\n\n\n\n<div class=\"is-layout-flex wp-container-10 wp-block-columns\">\n<div class=\"is-layout-flow wp-block-column\">\n<figure class=\"wp-block-image size-full\"><a href=\"https:\/\/open.spotify.com\/album\/4pk89ccEmkpcaA2VamDhgP?si=VXH_lubJRdKEwW1jKb_Tvg\" target=\"_blank\" rel=\"noreferrer noopener\"><img decoding=\"async\" loading=\"lazy\" width=\"170\" height=\"170\" src=\"https:\/\/jajaja.se\/wp-content\/uploads\/2022\/10\/gropen.png\" alt=\"\" class=\"wp-image-1163\" srcset=\"https:\/\/jajaja.se\/wp-content\/uploads\/2022\/10\/gropen.png 170w, https:\/\/jajaja.se\/wp-content\/uploads\/2022\/10\/gropen-150x150.png 150w\" sizes=\"(max-width: 170px) 100vw, 170px\" \/><\/a><figcaption class=\"wp-element-caption\"> 2022 &#8211; Singel<br> Gropen<\/figcaption><\/figure>\n<\/div>\n\n\n\n<div class=\"is-layout-flow wp-block-column\">\n<figure class=\"wp-block-image size-full\"><a href=\"https:\/\/open.spotify.com\/album\/21n1gz9T7tSAlH2f0Lxdyq?si=rgr-rX1iSDOdOCqYAkbHew\" target=\"_blank\" rel=\"noreferrer noopener\"><img decoding=\"async\" loading=\"lazy\" width=\"170\" height=\"170\" src=\"https:\/\/jajaja.se\/wp-content\/uploads\/2022\/10\/test-1.png\" alt=\"\" class=\"wp-image-1158\" srcset=\"https:\/\/jajaja.se\/wp-content\/uploads\/2022\/10\/test-1.png 170w, https:\/\/jajaja.se\/wp-content\/uploads\/2022\/10\/test-1-150x150.png 150w\" sizes=\"(max-width: 170px) 100vw, 170px\" \/><\/a><figcaption class=\"wp-element-caption\"> 2020 &#8211; Singel<br> Bl\u00e5 kalsonger<\/figcaption><\/figure>\n<\/div>\n\n\n\n<div class=\"is-layout-flow wp-block-column\">\n<figure class=\"wp-block-image size-full\"><a href=\"https:\/\/open.spotify.com\/album\/4J7adnVpXGZnuuDEFnAvRw?si=8hpyv8tiQdC23WLMHxhPIg\" target=\"_blank\" rel=\"noreferrer noopener\"><img decoding=\"async\" loading=\"lazy\" width=\"170\" height=\"170\" src=\"https:\/\/jajaja.se\/wp-content\/uploads\/2022\/10\/jolly.png\" alt=\"\" class=\"wp-image-1160\" srcset=\"https:\/\/jajaja.se\/wp-content\/uploads\/2022\/10\/jolly.png 170w, https:\/\/jajaja.se\/wp-content\/uploads\/2022\/10\/jolly-150x150.png 150w\" sizes=\"(max-width: 170px) 100vw, 170px\" \/><\/a><figcaption class=\"wp-element-caption\"> 2017 &#8211; Singel<br> Jolly Roger<\/figcaption><\/figure>\n<\/div>\n\n\n\n<div class=\"is-layout-flow wp-block-column\">\n<figure class=\"wp-block-image size-full\"><a href=\"https:\/\/open.spotify.com\/album\/0CmWIW5CLwLE4EbdUeVWwB?si=sUWPU_nBQ_Oskxv2InEZZw\" target=\"_blank\" rel=\"noreferrer noopener\"><img decoding=\"async\" loading=\"lazy\" width=\"170\" height=\"170\" src=\"https:\/\/jajaja.se\/wp-content\/uploads\/2022\/10\/merjul.png\" alt=\"\" class=\"wp-image-1161\" srcset=\"https:\/\/jajaja.se\/wp-content\/uploads\/2022\/10\/merjul.png 170w, https:\/\/jajaja.se\/wp-content\/uploads\/2022\/10\/merjul-150x150.png 150w\" sizes=\"(max-width: 170px) 100vw, 170px\" \/><\/a><figcaption class=\"wp-element-caption\"> Singel &#8211; 2016<br> Mera Jul<\/figcaption><\/figure>\n<\/div>\n\n\n\n<div class=\"is-layout-flow wp-block-column\">\n<figure class=\"wp-block-image size-full\"><a href=\"https:\/\/open.spotify.com\/album\/0QkD40fpVtOLTVPnrfy9Na?si=FvvTjnPUQhyhfcgl_6_QXg\" target=\"_blank\" rel=\"noreferrer noopener\"><img decoding=\"async\" loading=\"lazy\" width=\"170\" height=\"170\" src=\"https:\/\/jajaja.se\/wp-content\/uploads\/2022\/10\/detnyalandet.png\" alt=\"\" class=\"wp-image-1162\" srcset=\"https:\/\/jajaja.se\/wp-content\/uploads\/2022\/10\/detnyalandet.png 170w, https:\/\/jajaja.se\/wp-content\/uploads\/2022\/10\/detnyalandet-150x150.png 150w\" sizes=\"(max-width: 170px) 100vw, 170px\" \/><\/a><figcaption class=\"wp-element-caption\"> Singel &#8211; 2016<br> Det nya landet<\/figcaption><\/figure>\n<\/div>\n<\/div>\n\n\n\n<figure class=\"wp-block-image size-large\"><a href=\"https:\/\/jajaja.se\/wp-content\/uploads\/2022\/10\/bryt.png\"><img decoding=\"async\" loading=\"lazy\" width=\"1024\" height=\"105\" src=\"https:\/\/jajaja.se\/wp-content\/uploads\/2022\/10\/bryt-1024x105.png\" alt=\"\" class=\"wp-image-1141\" srcset=\"https:\/\/jajaja.se\/wp-content\/uploads\/2022\/10\/bryt-1024x105.png 1024w, https:\/\/jajaja.se\/wp-content\/uploads\/2022\/10\/bryt-300x31.png 300w, https:\/\/jajaja.se\/wp-content\/uploads\/2022\/10\/bryt-768x79.png 768w, https:\/\/jajaja.se\/wp-content\/uploads\/2022\/10\/bryt.png 1249w\" sizes=\"(max-width: 1024px) 100vw, 1024px\" \/><\/a><\/figure>\n\n\n\n<div class=\"wp-block-cover\" style=\"min-height:431px\" id=\"merch\"><span aria-hidden=\"true\" class=\"wp-block-cover__background has-background-dim\"><\/span><img decoding=\"async\" loading=\"lazy\" width=\"600\" height=\"800\" class=\"wp-block-cover__image-background wp-image-1209\" alt=\"\" src=\"https:\/\/jajaja.se\/wp-content\/uploads\/2022\/12\/310649697_783558992738141_1968512707418345320_n.jpg\" style=\"object-position:57% 56%\" data-object-fit=\"cover\" data-object-position=\"57% 56%\" srcset=\"https:\/\/jajaja.se\/wp-content\/uploads\/2022\/12\/310649697_783558992738141_1968512707418345320_n.jpg 600w, https:\/\/jajaja.se\/wp-content\/uploads\/2022\/12\/310649697_783558992738141_1968512707418345320_n-225x300.jpg 225w\" sizes=\"(max-width: 600px) 100vw, 600px\" \/><div class=\"wp-block-cover__inner-container\">\n<p class=\"has-text-align-center has-large-font-size\">MERCH<\/p>\n<\/div><\/div>\n\n\n\n<br>\n<br>\n\n\n\n<div class=\"is-layout-flex wp-container-12 wp-block-columns\">\n<div class=\"is-layout-flow wp-block-column\">\n<figure class=\"wp-block-image size-full\"><a href=\"https:\/\/jajaja.se\/wp-content\/uploads\/2022\/10\/tshirt.png\"><img decoding=\"async\" loading=\"lazy\" width=\"800\" height=\"800\" src=\"https:\/\/jajaja.se\/wp-content\/uploads\/2022\/10\/tshirt.png\" alt=\"\" class=\"wp-image-1123\" srcset=\"https:\/\/jajaja.se\/wp-content\/uploads\/2022\/10\/tshirt.png 800w, https:\/\/jajaja.se\/wp-content\/uploads\/2022\/10\/tshirt-300x300.png 300w, https:\/\/jajaja.se\/wp-content\/uploads\/2022\/10\/tshirt-150x150.png 150w, https:\/\/jajaja.se\/wp-content\/uploads\/2022\/10\/tshirt-768x768.png 768w\" sizes=\"(max-width: 800px) 100vw, 800px\" \/><\/a><figcaption class=\"wp-element-caption\">V\u00e5r t-shirt, i b\u00e5de orange\/r\u00f6d och svart, finns i storlekarna S, M, L, XL &amp; XXL.<\/figcaption><\/figure>\n<\/div>\n<\/div>\n\n\n\n<figure class=\"wp-block-image size-full\"><a href=\"https:\/\/jajaja.se\/?page_id=1091\"><img decoding=\"async\" loading=\"lazy\" width=\"175\" height=\"48\" src=\"https:\/\/jajaja.se\/wp-content\/uploads\/2022\/10\/bestall.png\" alt=\"\" class=\"wp-image-1164\"\/><\/a><\/figure>\n\n\n\n<figure class=\"wp-block-image size-large\" id=\"video\"><a href=\"https:\/\/jajaja.se\/wp-content\/uploads\/2022\/10\/bryt.png\"><img decoding=\"async\" loading=\"lazy\" width=\"1024\" height=\"105\" src=\"https:\/\/jajaja.se\/wp-content\/uploads\/2022\/10\/bryt-1024x105.png\" alt=\"\" class=\"wp-image-1141\" title=\"\" srcset=\"https:\/\/jajaja.se\/wp-content\/uploads\/2022\/10\/bryt-1024x105.png 1024w, https:\/\/jajaja.se\/wp-content\/uploads\/2022\/10\/bryt-300x31.png 300w, https:\/\/jajaja.se\/wp-content\/uploads\/2022\/10\/bryt-768x79.png 768w, https:\/\/jajaja.se\/wp-content\/uploads\/2022\/10\/bryt.png 1249w\" sizes=\"(max-width: 1024px) 100vw, 1024px\" \/><\/a><\/figure>\n\n\n\n<figure class=\"wp-block-embed is-type-video is-provider-youtube wp-block-embed-youtube wp-embed-aspect-16-9 wp-has-aspect-ratio\"><div class=\"wp-block-embed__wrapper\">\n<iframe loading=\"lazy\" title=\"Vi heter JA! - Vuxenpo\u00e4ng\" width=\"1200\" height=\"675\" src=\"https:\/\/www.youtube.com\/embed\/BW4TzAt6A1g?feature=oembed\" frameborder=\"0\" allow=\"accelerometer; autoplay; clipboard-write; encrypted-media; gyroscope; picture-in-picture; web-share\" allowfullscreen><\/iframe>\n<\/div><\/figure>\n\n\n\n<figure class=\"wp-block-image size-large is-resized\"><a href=\"https:\/\/jajaja.se\/wp-content\/uploads\/2022\/10\/bryt.png\"><img decoding=\"async\" loading=\"lazy\" src=\"https:\/\/jajaja.se\/wp-content\/uploads\/2022\/10\/bryt-1024x105.png\" alt=\"\" class=\"wp-image-1141\" width=\"1024\" height=\"105\" srcset=\"https:\/\/jajaja.se\/wp-content\/uploads\/2022\/10\/bryt-1024x105.png 1024w, https:\/\/jajaja.se\/wp-content\/uploads\/2022\/10\/bryt-300x31.png 300w, https:\/\/jajaja.se\/wp-content\/uploads\/2022\/10\/bryt-768x79.png 768w, https:\/\/jajaja.se\/wp-content\/uploads\/2022\/10\/bryt.png 1249w\" sizes=\"(max-width: 1024px) 100vw, 1024px\" \/><\/a><\/figure>\n\n\n\n<p><\/p>\n\n\n\n<div class=\"wp-block-cover\" id=\"boka\"><span aria-hidden=\"true\" class=\"wp-block-cover__background has-background-dim\"><\/span><img decoding=\"async\" loading=\"lazy\" width=\"1000\" height=\"504\" class=\"wp-block-cover__image-background wp-image-988\" alt=\"\" src=\"https:\/\/jajaja.se\/wp-content\/uploads\/2021\/09\/VHJ_grupp_Johanskriker.jpg\" style=\"object-position:52% 0%\" data-object-fit=\"cover\" data-object-position=\"52% 0%\" srcset=\"https:\/\/jajaja.se\/wp-content\/uploads\/2021\/09\/VHJ_grupp_Johanskriker.jpg 1000w, https:\/\/jajaja.se\/wp-content\/uploads\/2021\/09\/VHJ_grupp_Johanskriker-300x151.jpg 300w, https:\/\/jajaja.se\/wp-content\/uploads\/2021\/09\/VHJ_grupp_Johanskriker-500x252.jpg 500w\" sizes=\"(max-width: 1000px) 100vw, 1000px\" \/><div class=\"wp-block-cover__inner-container\">\n<p class=\"has-text-align-center has-large-font-size\">BOKA\/KONTAKTA<\/p>\n<\/div><\/div>\n\n\n\n<br>\n\n\n\n<p>Vi heter JA! \u00e4r framr\u00f6stade som svenska m\u00e4stare bland gatumusikanter 2014 och 2015.<\/p>\n\n\n\n<p>Vill du ha n\u00e5got unikt p\u00e5 firmafesten, br\u00f6llopet, f\u00f6delsedagen eller bara g\u00f6ra din fest n\u00e5got det snackas l\u00e4nge om?<\/p>\n\n\n\n<p>Vi heter JA! g\u00f6r allt. Vi spelar ena dagen p\u00e5 en festival inf\u00f6r 900 personer f\u00f6r att n\u00e4sta dag spela p\u00e5 en intim f\u00f6retagsfest. Alltid med samma resultat. Alls\u00e5ng och bra st\u00e4mning.<\/p>\n\n\n\n<p>Med Vi heter JA! blir ditt evenemang en succ\u00e9!<\/p>\n\n\n\n<p><strong>F\u00f6r kontakt och bokning:<\/strong>&nbsp;<a href=\"mailto:Danne@kretsen.org\">Danne@kretsen.org<\/a><\/p>\n\n\n\n<p><strong>\u00d6vriga fr\u00e5gor:<\/strong>&nbsp;Kontakta genom meddelande p\u00e5&nbsp;<a href=\"https:\/\/www.facebook.com\/viheterJA\/\" target=\"_blank\" rel=\"noreferrer noopener\">facebook<\/a>.<\/p>\n\n\n\n<p><strong>F\u00f6r att k\u00f6pa tr\u00f6jor och annan merch:<\/strong> <a href=\"#merch\">Klicka h\u00e4r<\/a><\/p>\n\n\n\n<p><strong>Facebook:&nbsp;<\/strong><a href=\"http:\/\/www.facebook.com\/viheterja\">www.facebook.com\/viheterja<\/a><\/p>\n\n\n\n<p><strong>Twitter:<\/strong>&nbsp;<a href=\"https:\/\/eur02.safelinks.protection.outlook.com\/?url=http%3A%2F%2Fwww.twitter.com%2Fviheterja&amp;data=05%7C01%7Candreas.svanbeck%40ica.se%7C2eea6692725d407d5b8708dab36d37a1%7C176bdcf02ce34610962ad59c1f5ce9f6%7C0%7C0%7C638019579532398463%7CUnknown%7CTWFpbGZsb3d8eyJWIjoiMC4wLjAwMDAiLCJQIjoiV2luMzIiLCJBTiI6Ik1haWwiLCJXVCI6Mn0%3D%7C2000%7C%7C%7C&amp;sdata=SfFFXas9n0W9gpx3w4vLH8LFUnstZeOub%2FAIu89a%2BH0%3D&amp;reserved=0\">www.twitter.com\/viheterja<\/a><\/p>\n\n\n\n<figure class=\"wp-block-image size-large is-resized\"><a href=\"https:\/\/jajaja.se\/wp-content\/uploads\/2022\/10\/bryt.png\"><img decoding=\"async\" loading=\"lazy\" src=\"https:\/\/jajaja.se\/wp-content\/uploads\/2022\/10\/bryt-1024x105.png\" alt=\"\" class=\"wp-image-1141\" width=\"1024\" height=\"105\" srcset=\"https:\/\/jajaja.se\/wp-content\/uploads\/2022\/10\/bryt-1024x105.png 1024w, https:\/\/jajaja.se\/wp-content\/uploads\/2022\/10\/bryt-300x31.png 300w, https:\/\/jajaja.se\/wp-content\/uploads\/2022\/10\/bryt-768x79.png 768w, https:\/\/jajaja.se\/wp-content\/uploads\/2022\/10\/bryt.png 1249w\" sizes=\"(max-width: 1024px) 100vw, 1024px\" \/><\/a><\/figure>\n\n\n\n<div class=\"wp-block-cover\" id=\"press\"><span aria-hidden=\"true\" class=\"wp-block-cover__background has-background-dim\"><\/span><img decoding=\"async\" loading=\"lazy\" width=\"5859\" height=\"3906\" class=\"wp-block-cover__image-background wp-image-1214\" alt=\"\" src=\"https:\/\/jajaja.se\/wp-content\/uploads\/2022\/12\/press.png\" data-object-fit=\"cover\" srcset=\"https:\/\/jajaja.se\/wp-content\/uploads\/2022\/12\/press.png 5859w, https:\/\/jajaja.se\/wp-content\/uploads\/2022\/12\/press-300x200.png 300w, https:\/\/jajaja.se\/wp-content\/uploads\/2022\/12\/press-1024x683.png 1024w, https:\/\/jajaja.se\/wp-content\/uploads\/2022\/12\/press-768x512.png 768w, https:\/\/jajaja.se\/wp-content\/uploads\/2022\/12\/press-1536x1024.png 1536w, https:\/\/jajaja.se\/wp-content\/uploads\/2022\/12\/press-2048x1365.png 2048w\" sizes=\"(max-width: 5859px) 100vw, 5859px\" \/><div class=\"wp-block-cover__inner-container\">\n<p class=\"has-text-align-center has-large-font-size\">PRESS<\/p>\n<\/div><\/div>\n\n\n\n<br>\n\n\n\n<p>Dessa bilder \u00e4r fria att anv\u00e4nda. Meddela oss bara till vad p\u00e5 <a href=\"mailto:viheterja@gmail.com\">viheterja@gmail.com<\/a>.<\/p>\n\n\n\n<div class=\"is-layout-flex wp-container-15 wp-block-columns\">\n<div class=\"is-layout-flow wp-block-column\">\n<figure class=\"wp-block-image size-full\"><a href=\"https:\/\/jajaja.se\/wp-content\/uploads\/2015\/01\/240601136_10227162522954014_1362092603892090176_n.jpg\"><img decoding=\"async\" loading=\"lazy\" width=\"899\" height=\"600\" src=\"https:\/\/jajaja.se\/wp-content\/uploads\/2015\/01\/240601136_10227162522954014_1362092603892090176_n.jpg\" alt=\"\" class=\"wp-image-996\" srcset=\"https:\/\/jajaja.se\/wp-content\/uploads\/2015\/01\/240601136_10227162522954014_1362092603892090176_n.jpg 899w, https:\/\/jajaja.se\/wp-content\/uploads\/2015\/01\/240601136_10227162522954014_1362092603892090176_n-300x200.jpg 300w, https:\/\/jajaja.se\/wp-content\/uploads\/2015\/01\/240601136_10227162522954014_1362092603892090176_n-500x334.jpg 500w\" sizes=\"(max-width: 899px) 100vw, 899px\" \/><\/a><figcaption class=\"wp-element-caption\">Foto: Stephan Nord<\/figcaption><\/figure>\n<\/div>\n\n\n\n<div class=\"is-layout-flow wp-block-column\">\n<figure class=\"wp-block-image size-large\"><a href=\"https:\/\/jajaja.se\/wp-content\/uploads\/2022\/10\/308466572_5408774165915861_8372236317299952126_n.jpg\"><img decoding=\"async\" loading=\"lazy\" width=\"1024\" height=\"684\" src=\"https:\/\/jajaja.se\/wp-content\/uploads\/2022\/10\/308466572_5408774165915861_8372236317299952126_n-1024x684.jpg\" alt=\"\" class=\"wp-image-1086\" srcset=\"https:\/\/jajaja.se\/wp-content\/uploads\/2022\/10\/308466572_5408774165915861_8372236317299952126_n-1024x684.jpg 1024w, https:\/\/jajaja.se\/wp-content\/uploads\/2022\/10\/308466572_5408774165915861_8372236317299952126_n-300x200.jpg 300w, https:\/\/jajaja.se\/wp-content\/uploads\/2022\/10\/308466572_5408774165915861_8372236317299952126_n-768x513.jpg 768w, https:\/\/jajaja.se\/wp-content\/uploads\/2022\/10\/308466572_5408774165915861_8372236317299952126_n-1536x1025.jpg 1536w, https:\/\/jajaja.se\/wp-content\/uploads\/2022\/10\/308466572_5408774165915861_8372236317299952126_n.jpg 2048w\" sizes=\"(max-width: 1024px) 100vw, 1024px\" \/><\/a><\/figure>\n<\/div>\n<\/div>\n\n\n\n<div class=\"is-layout-flex wp-container-18 wp-block-columns\">\n<div class=\"is-layout-flow wp-block-column\">\n<figure class=\"wp-block-image size-full\"><a href=\"https:\/\/jajaja.se\/wp-content\/uploads\/2021\/09\/VHJ_grupp_Johanskriker.jpg\"><img decoding=\"async\" loading=\"lazy\" width=\"1000\" height=\"504\" src=\"https:\/\/jajaja.se\/wp-content\/uploads\/2021\/09\/VHJ_grupp_Johanskriker.jpg\" alt=\"\" class=\"wp-image-988\" srcset=\"https:\/\/jajaja.se\/wp-content\/uploads\/2021\/09\/VHJ_grupp_Johanskriker.jpg 1000w, https:\/\/jajaja.se\/wp-content\/uploads\/2021\/09\/VHJ_grupp_Johanskriker-300x151.jpg 300w, https:\/\/jajaja.se\/wp-content\/uploads\/2021\/09\/VHJ_grupp_Johanskriker-500x252.jpg 500w\" sizes=\"(max-width: 1000px) 100vw, 1000px\" \/><\/a><\/figure>\n<\/div>\n\n\n\n<div class=\"is-layout-flow wp-block-column\">\n<figure class=\"wp-block-image size-full\"><a href=\"https:\/\/jajaja.se\/wp-content\/uploads\/2021\/09\/Vi-heter-JA-flyters-2021.jpg\"><img decoding=\"async\" loading=\"lazy\" width=\"874\" height=\"532\" src=\"https:\/\/jajaja.se\/wp-content\/uploads\/2021\/09\/Vi-heter-JA-flyters-2021.jpg\" alt=\"\" class=\"wp-image-990\" srcset=\"https:\/\/jajaja.se\/wp-content\/uploads\/2021\/09\/Vi-heter-JA-flyters-2021.jpg 874w, https:\/\/jajaja.se\/wp-content\/uploads\/2021\/09\/Vi-heter-JA-flyters-2021-300x183.jpg 300w, https:\/\/jajaja.se\/wp-content\/uploads\/2021\/09\/Vi-heter-JA-flyters-2021-500x304.jpg 500w\" sizes=\"(max-width: 874px) 100vw, 874px\" \/><\/a><\/figure>\n<\/div>\n<\/div>\n\n\n\n<p><\/p>\n","protected":false},"excerpt":{"rendered":"<p>2024-03-09 &#8211; Stallet, Ume\u00e5 &#8211; L\u00e4s mer h\u00e4r! 2023-12-09 &#8211; Verket, Ume\u00e5 &#8211; L\u00e4s mer h\u00e4r! 2023-11-07 &#8211; Ume\u00e5 BSKT vs N\u00e4ssj\u00f6 &#8211; Ume\u00e5 Energi Arena. L\u00e4s mer h\u00e4r. 2023-10-20 &#8211; H\u00f6st i Punksvall &#8211; Pipeline. L\u00e4s mer h\u00e4r! och Se \u00e4ven denna t\u00e4vling! 2023-09-29 &#8211; Vilhelmina Folkets Hus. L\u00e4s mer h\u00e4r! 2023-07-15 &#8211; Kulturyran &#8230; <a title=\"Aktuellt\" class=\"read-more\" href=\"https:\/\/jajaja.se\/\" aria-label=\"Mer p\u00e5 Aktuellt\">L\u00e4s mer<\/a><\/p>\n","protected":false},"author":1,"featured_media":0,"parent":0,"menu_order":0,"comment_status":"closed","ping_status":"closed","template":"","meta":[],"_links":{"self":[{"href":"https:\/\/jajaja.se\/index.php?rest_route=\/wp\/v2\/pages\/602"}],"collection":[{"href":"https:\/\/jajaja.se\/index.php?rest_route=\/wp\/v2\/pages"}],"about":[{"href":"https:\/\/jajaja.se\/index.php?rest_route=\/wp\/v2\/types\/page"}],"author":[{"embeddable":true,"href":"https:\/\/jajaja.se\/index.php?rest_route=\/wp\/v2\/users\/1"}],"replies":[{"embeddable":true,"href":"https:\/\/jajaja.se\/index.php?rest_route=%2Fwp%2Fv2%2Fcomments&post=602"}],"version-history":[{"count":154,"href":"https:\/\/jajaja.se\/index.php?rest_route=\/wp\/v2\/pages\/602\/revisions"}],"predecessor-version":[{"id":1269,"href":"https:\/\/jajaja.se\/index.php?rest_route=\/wp\/v2\/pages\/602\/revisions\/1269"}],"wp:attachment":[{"href":"https:\/\/jajaja.se\/index.php?rest_route=%2Fwp%2Fv2%2Fmedia&parent=602"}],"curies":[{"name":"wp","href":"https:\/\/api.w.org\/{rel}","templated":true}]}}